{"id":288,"date":"2016-09-01T08:55:58","date_gmt":"2016-09-01T08:55:58","guid":{"rendered":"http:\/\/fear-no-art.com\/?page_id=288"},"modified":"2024-05-08T20:13:35","modified_gmt":"2024-05-08T20:13:35","slug":"imprint","status":"publish","type":"page","link":"https:\/\/fear-no-art.com\/?page_id=288","title":{"rendered":"contact\/imprint"},"content":{"rendered":"<p>Atelier Sylvia v. Bernstorff<br data-rich-text-line-break=\"true\" \/>mobile: + 49(0)1605870556<br data-rich-text-line-break=\"true\" \/>info(at)fear-no-art.com<br data-rich-text-line-break=\"true\" \/><a href=\"http:\/\/www.fear-no-art.com\">www.fear-no-art.com<\/a><\/p>\n<p>Haftungsausschluss:<br \/>\nF\u00fcr die Beitr\u00e4ge und Inhalte auf dieser Seite wird eine Haftung ausgeschlossen.<\/p>\n<p>Wichtiger Hinweis zu allen Links:<br \/>\nIch bin nicht f\u00fcr Inhalt fremder Seiten, die hier m\u00f6glicherweise verlinkt sind, verantwortlich.<\/p>\n<p>Copyright:<br \/>\nVervielf\u00e4ltigungen aller auf diesen Seiten enthaltenen Texte und Bilder sind nur mit meiner ausdr\u00fccklichen Genehmigung erlaubt. Zu diesem Zweck kontaktieren Sie mich bitte unter der o. g. E-Mail-Adresse.<\/p>\n","protected":false},"excerpt":{"rendered":"<p>Atelier Sylvia v. Bernstorffmobile: + 49(0)1605870556info(at)fear-no-art.comwww.fear-no-art.com Haftungsausschluss: F\u00fcr die Beitr\u00e4ge und Inhalte auf dieser Seite wird eine Haftung ausgeschlossen. Wichtiger Hinweis zu allen Links: Ich bin nicht f\u00fcr Inhalt fremder Seiten, die hier m\u00f6glicherweise verlinkt sind, verantwortlich. Copyright: Vervielf\u00e4ltigungen aller auf diesen Seiten enthaltenen Texte und Bilder sind nur mit meiner ausdr\u00fccklichen Genehmigung erlaubt. Zu &hellip; <a href=\"https:\/\/fear-no-art.com\/?page_id=288\" class=\"more-link\"><span class=\"screen-reader-text\">contact\/imprint<\/span> weiterlesen<\/a><\/p>\n","protected":false},"author":1,"featured_media":0,"parent":0,"menu_order":0,"comment_status":"closed","ping_status":"closed","template":"","meta":{"footnotes":""},"class_list":["post-288","page","type-page","status-publish","hentry"],"_links":{"self":[{"href":"https:\/\/fear-no-art.com\/index.php?rest_route=\/wp\/v2\/pages\/288","targetHints":{"allow":["GET"]}}],"collection":[{"href":"https:\/\/fear-no-art.com\/index.php?rest_route=\/wp\/v2\/pages"}],"about":[{"href":"https:\/\/fear-no-art.com\/index.php?rest_route=\/wp\/v2\/types\/page"}],"author":[{"embeddable":true,"href":"https:\/\/fear-no-art.com\/index.php?rest_route=\/wp\/v2\/users\/1"}],"replies":[{"embeddable":true,"href":"https:\/\/fear-no-art.com\/index.php?rest_route=%2Fwp%2Fv2%2Fcomments&post=288"}],"version-history":[{"count":6,"href":"https:\/\/fear-no-art.com\/index.php?rest_route=\/wp\/v2\/pages\/288\/revisions"}],"predecessor-version":[{"id":3013,"href":"https:\/\/fear-no-art.com\/index.php?rest_route=\/wp\/v2\/pages\/288\/revisions\/3013"}],"wp:attachment":[{"href":"https:\/\/fear-no-art.com\/index.php?rest_route=%2Fwp%2Fv2%2Fmedia&parent=288"}],"curies":[{"name":"wp","href":"https:\/\/api.w.org\/{rel}","templated":true}]}}