{"id":3002,"date":"2024-05-08T10:24:24","date_gmt":"2024-05-08T10:24:24","guid":{"rendered":"https:\/\/fear-no-art.com\/?page_id=3002"},"modified":"2024-05-08T10:24:24","modified_gmt":"2024-05-08T10:24:24","slug":"about-me","status":"publish","type":"page","link":"https:\/\/fear-no-art.com\/?page_id=3002","title":{"rendered":"About Me"},"content":{"rendered":"\n<p>Hi, ich bin Sylvia, bildende K\u00fcnstlerin aus Wiesbaden. Zeichnung und Malerei stehen derzeit im Mittelpunkt meiner k\u00fcnstlerischen Arbeit. Einige der Arbeiten k\u00f6nnten auch als gemalte Zeichnungen verstanden werden. Ich halte Ausschau nach seltsamen Linien- und Formenkonstellationen. Die Verwendung von Schwarz und Wei\u00df ist mein konzeptueller Ansatz. Am liebsten arbeite ich auf Papier. W\u00e4hrend meiner Jagd nach dem \u00fcberraschenden Moment, wird der Inhalt dem Prozess vorerst untergeordnet.<\/p>\n\n\n\n<p>In meinen installatorischen Arbeiten hingegen besch\u00e4ftigen mich Begriffe wie Macht, Bewegung und Zeit. Durch Begriffskl\u00e4rung und Transformation in den Raum mache ich diese erfahrbar, am liebsten durch Leichtigkeit und in Interaktion mit den Betrachter*innen.<\/p>\n\n\n\n<p><strong>English:<\/strong><br>Hi, I&#8217;m Sylvia, a visual artist based in Wiesbaden, Germany. Drawing and painting are at the centre of my most current work. Some of my works can also be understood as painted drawings. I look out for strange constellations of lines and shapes. The use of black and white is my conceptual approach. I love to work on paper. On the hunt for the surprising moment, the subject matter is secondary to the process.<\/p>\n\n\n\n<p>In contrast, for my installation work I am interested in concepts such as power, movement, and time. By clarifying terms and transforming them into space, I make them accessible, preferably through ease and in interaction with the viewer.<\/p>\n","protected":false},"excerpt":{"rendered":"<p>Hi, ich bin Sylvia, bildende K\u00fcnstlerin aus Wiesbaden. Zeichnung und Malerei stehen derzeit im Mittelpunkt meiner k\u00fcnstlerischen Arbeit. Einige der Arbeiten k\u00f6nnten auch als gemalte Zeichnungen verstanden werden. Ich halte Ausschau nach seltsamen Linien- und Formenkonstellationen. Die Verwendung von Schwarz und Wei\u00df ist mein konzeptueller Ansatz. Am liebsten arbeite ich auf Papier. W\u00e4hrend meiner Jagd &hellip; <a href=\"https:\/\/fear-no-art.com\/?page_id=3002\" class=\"more-link\"><span class=\"screen-reader-text\">About Me<\/span> weiterlesen<\/a><\/p>\n","protected":false},"author":1,"featured_media":0,"parent":0,"menu_order":0,"comment_status":"closed","ping_status":"closed","template":"","meta":{"footnotes":""},"class_list":["post-3002","page","type-page","status-publish","hentry"],"_links":{"self":[{"href":"https:\/\/fear-no-art.com\/index.php?rest_route=\/wp\/v2\/pages\/3002","targetHints":{"allow":["GET"]}}],"collection":[{"href":"https:\/\/fear-no-art.com\/index.php?rest_route=\/wp\/v2\/pages"}],"about":[{"href":"https:\/\/fear-no-art.com\/index.php?rest_route=\/wp\/v2\/types\/page"}],"author":[{"embeddable":true,"href":"https:\/\/fear-no-art.com\/index.php?rest_route=\/wp\/v2\/users\/1"}],"replies":[{"embeddable":true,"href":"https:\/\/fear-no-art.com\/index.php?rest_route=%2Fwp%2Fv2%2Fcomments&post=3002"}],"version-history":[{"count":1,"href":"https:\/\/fear-no-art.com\/index.php?rest_route=\/wp\/v2\/pages\/3002\/revisions"}],"predecessor-version":[{"id":3003,"href":"https:\/\/fear-no-art.com\/index.php?rest_route=\/wp\/v2\/pages\/3002\/revisions\/3003"}],"wp:attachment":[{"href":"https:\/\/fear-no-art.com\/index.php?rest_route=%2Fwp%2Fv2%2Fmedia&parent=3002"}],"curies":[{"name":"wp","href":"https:\/\/api.w.org\/{rel}","templated":true}]}}